{"id":3468,"date":"2024-07-09T13:13:23","date_gmt":"2024-07-09T13:13:23","guid":{"rendered":"https:\/\/lexend.themegenix.com\/five\/?page_id=1035"},"modified":"2026-03-03T21:15:15","modified_gmt":"2026-03-03T21:15:15","slug":"zakazi-demo","status":"publish","type":"page","link":"https:\/\/supplyme.rs\/en\/zakazi-demo\/","title":{"rendered":"Request a demo"},"content":{"rendered":"\t\t<div data-elementor-type=\"wp-page\" data-elementor-id=\"3468\" class=\"elementor elementor-3468\">\n\t\t\t\t<div class=\"elementor-element elementor-element-5779e4f e-con-full e-flex animejs-disable e-con e-parent\" data-id=\"5779e4f\" data-element_type=\"container\">\n\t\t<div class=\"elementor-element elementor-element-071e8b3 e-con-full pointer-none dark:bg-gray-300 dark:bg-opacity-10 e-flex animejs-disable e-con e-child\" data-id=\"071e8b3\" data-element_type=\"container\" data-settings=\"{&quot;background_background&quot;:&quot;classic&quot;,&quot;position&quot;:&quot;absolute&quot;}\">\n\t\t\t\t<\/div>\n\t\t\t\t<div class=\"elementor-element elementor-element-14af387 elementor-absolute e-transform elementor-hidden-mobile animejs-disable elementor-widget elementor-widget-tg-dark-light-img\" data-id=\"14af387\" data-element_type=\"widget\" data-settings=\"{&quot;_position&quot;:&quot;absolute&quot;,&quot;_transform_rotateZ_effect&quot;:{&quot;unit&quot;:&quot;px&quot;,&quot;size&quot;:45,&quot;sizes&quot;:[]},&quot;_transform_rotateZ_effect_tablet&quot;:{&quot;unit&quot;:&quot;deg&quot;,&quot;size&quot;:&quot;&quot;,&quot;sizes&quot;:[]},&quot;_transform_rotateZ_effect_mobile&quot;:{&quot;unit&quot;:&quot;deg&quot;,&quot;size&quot;:&quot;&quot;,&quot;sizes&quot;:[]}}\" data-widget_type=\"tg-dark-light-img.default\">\n\t\t\t\t<div class=\"elementor-widget-container\">\n\t\t\t\t\t\r\n        \r\n                                                <img decoding=\"async\" class=\"d-block dark:d-none\" src=\"https:\/\/lexend.themegenix.com\/five\/wp-content\/uploads\/2024\/07\/star-1.svg\" alt=\"Image\">\r\n                                                    <img decoding=\"async\" class=\"d-none dark:d-block\" src=\"https:\/\/lexend.themegenix.com\/five\/wp-content\/uploads\/2024\/11\/star-white-1.svg\" alt=\"Image Dark\">\r\n                            \r\n        \r\n\t\t\t\t<\/div>\n\t\t\t\t<\/div>\n\t\t\t\t<div class=\"elementor-element elementor-element-6579004 elementor-absolute e-transform elementor-hidden-mobile animejs-disable elementor-widget elementor-widget-tg-dark-light-img\" data-id=\"6579004\" data-element_type=\"widget\" data-settings=\"{&quot;_position&quot;:&quot;absolute&quot;,&quot;_transform_rotateZ_effect&quot;:{&quot;unit&quot;:&quot;px&quot;,&quot;size&quot;:45,&quot;sizes&quot;:[]},&quot;_transform_rotateZ_effect_tablet&quot;:{&quot;unit&quot;:&quot;deg&quot;,&quot;size&quot;:&quot;&quot;,&quot;sizes&quot;:[]},&quot;_transform_rotateZ_effect_mobile&quot;:{&quot;unit&quot;:&quot;deg&quot;,&quot;size&quot;:&quot;&quot;,&quot;sizes&quot;:[]}}\" data-widget_type=\"tg-dark-light-img.default\">\n\t\t\t\t<div class=\"elementor-widget-container\">\n\t\t\t\t\t\r\n        \r\n                                                <img decoding=\"async\" class=\"d-block dark:d-none\" src=\"https:\/\/lexend.themegenix.com\/five\/wp-content\/uploads\/2024\/07\/star-2.svg\" alt=\"Image\">\r\n                                                    <img decoding=\"async\" class=\"d-none dark:d-block\" src=\"https:\/\/lexend.themegenix.com\/five\/wp-content\/uploads\/2024\/11\/star-white-2.svg\" alt=\"Image Dark\">\r\n                            \r\n        \r\n\t\t\t\t<\/div>\n\t\t\t\t<\/div>\n\t\t<div class=\"elementor-element elementor-element-c6bb276 e-flex e-con-boxed animejs-disable e-con e-child\" data-id=\"c6bb276\" data-element_type=\"container\">\n\t\t\t\t\t<div class=\"e-con-inner\">\n\t\t<div class=\"elementor-element elementor-element-8ab2345 e-con-full e-flex animejs-disable e-con e-child\" data-id=\"8ab2345\" data-element_type=\"container\">\n\t\t\t\t<div class=\"elementor-element elementor-element-4433901 animejs-disable elementor-widget elementor-widget-tg-heading\" data-id=\"4433901\" data-element_type=\"widget\" data-widget_type=\"tg-heading.default\">\n\t\t\t\t<div class=\"elementor-widget-container\">\n\t\t\t\t\t        <h2 class=\"title tg-element-title mb-0 \">Zaka\u017ei demo<\/h2>\r\n    \t\t\t\t<\/div>\n\t\t\t\t<\/div>\n\t\t\t\t<div class=\"elementor-element elementor-element-fcea126 dark:text-white text-dark text-opacity-70 animejs-disable elementor-widget elementor-widget-tg-heading\" data-id=\"fcea126\" data-element_type=\"widget\" data-widget_type=\"tg-heading.default\">\n\t\t\t\t<div class=\"elementor-widget-container\">\n\t\t\t\t\t        <p class=\"title tg-element-title mb-0 \">Pridru\u017eite se restoranima \u0161irom Srbije koji su unapredili svoje poslovanje uz pomo\u0107 SupplyMe. Optimizujte procese nabavke, u\u0161tedite vreme i resurse.<\/p>\r\n    \t\t\t\t<\/div>\n\t\t\t\t<\/div>\n\t\t\t\t<\/div>\n\t\t<div class=\"elementor-element elementor-element-9f2d3a8 e-con-full dark:bg-gray-900 dark:border-gray-300 dark:border-opacity-20 e-flex animejs-disable e-con e-child\" data-id=\"9f2d3a8\" data-element_type=\"container\" data-settings=\"{&quot;background_background&quot;:&quot;classic&quot;}\">\n\t\t\t\t<div class=\"elementor-element elementor-element-50c61ce animejs-disable elementor-widget elementor-widget-tg-heading\" data-id=\"50c61ce\" data-element_type=\"widget\" data-widget_type=\"tg-heading.default\">\n\t\t\t\t<div class=\"elementor-widget-container\">\n\t\t\t\t\t        <p class=\"title tg-element-title mb-0 \">Hvala vam na interesovanju za na\u0161 proizvod! Po\u0161aljite upit i na\u0161 tim \u0107e vas uskoro kontaktirati kako bi zakazao demo za SupplyMe.<\/p>\r\n    \t\t\t\t<\/div>\n\t\t\t\t<\/div>\n\t\t\t\t<div class=\"elementor-element elementor-element-9c490ca animejs-disable elementor-widget elementor-widget-shortcode\" data-id=\"9c490ca\" data-element_type=\"widget\" data-widget_type=\"shortcode.default\">\n\t\t\t\t\t\t\t<div class=\"elementor-shortcode\">\n<div class=\"wpcf7 no-js\" id=\"wpcf7-f1248-o1\" lang=\"en-US\" dir=\"ltr\" data-wpcf7-id=\"1248\">\n<div class=\"screen-reader-response\"><p role=\"status\" aria-live=\"polite\" aria-atomic=\"true\"><\/p> <ul><\/ul><\/div>\n<form action=\"\/en\/wp-json\/wp\/v2\/pages\/3468#wpcf7-f1248-o1\" method=\"post\" class=\"wpcf7-form init\" aria-label=\"Contact form\" novalidate=\"novalidate\" data-status=\"init\">\n<fieldset class=\"hidden-fields-container\"><input type=\"hidden\" name=\"_wpcf7\" value=\"1248\" \/><input type=\"hidden\" name=\"_wpcf7_version\" value=\"6.1.2\" \/><input type=\"hidden\" name=\"_wpcf7_locale\" value=\"en_US\" \/><input type=\"hidden\" name=\"_wpcf7_unit_tag\" value=\"wpcf7-f1248-o1\" \/><input type=\"hidden\" name=\"_wpcf7_container_post\" value=\"0\" \/><input type=\"hidden\" name=\"_wpcf7_posted_data_hash\" value=\"\" \/>\n<\/fieldset>\n<div class=\"vstack gap-2\">\n<div class=\"row child-cols-12 sm:child-cols-6 g-2\">\n    <div>\n        <span class=\"wpcf7-form-control-wrap\" data-name=\"your-name\"><input size=\"40\" maxlength=\"400\" class=\"wpcf7-form-control wpcf7-text wpcf7-validates-as-required form-control h-48px w-100 bg-white dark-border-white dark-text-dark\" aria-required=\"true\" aria-invalid=\"false\" placeholder=\"Ime i prezime*\" value=\"\" type=\"text\" name=\"your-name\" \/><\/span>\n    <\/div>\n    <div>\n        <span class=\"wpcf7-form-control-wrap\" data-name=\"your-email\"><input size=\"40\" maxlength=\"400\" class=\"wpcf7-form-control wpcf7-email wpcf7-validates-as-required wpcf7-text wpcf7-validates-as-email form-control h-48px w-100 bg-white dark-border-white dark-text-dark\" aria-required=\"true\" aria-invalid=\"false\" placeholder=\"Email adresa*\" value=\"\" type=\"email\" name=\"your-email\" \/><\/span>\n    <\/div>\n<\/div>\n<div class=\"row child-cols-12 sm:child-cols-6 g-2\">\n    <div>\n        <span class=\"wpcf7-form-control-wrap\" data-name=\"your-phone\"><input size=\"40\" maxlength=\"15\" minlength=\"6\" class=\"wpcf7-form-control wpcf7-tel wpcf7-text wpcf7-validates-as-tel form-control h-48px w-100 bg-white dark-border-white dark-text-dark\" aria-invalid=\"false\" placeholder=\"Broj telefona\" value=\"\" type=\"tel\" name=\"your-phone\" \/><\/span>\n    <\/div>\n    <div>\n        <span class=\"wpcf7-form-control-wrap\" data-name=\"your-promo-code\"><input size=\"40\" maxlength=\"400\" class=\"wpcf7-form-control wpcf7-text form-control h-48px w-100 bg-white dark-border-white dark-text-dark\" aria-invalid=\"false\" placeholder=\"Promo kod\" value=\"\" type=\"text\" name=\"your-promo-code\" \/><\/span>\n    <\/div>\n<\/div>\n<span class=\"wpcf7-form-control-wrap\" data-name=\"your-subject\"><input size=\"40\" maxlength=\"400\" class=\"wpcf7-form-control wpcf7-text form-control h-48px w-100 bg-white dark-border-white dark-text-dark\" aria-invalid=\"false\" placeholder=\"Naslov\" value=\"\" type=\"text\" name=\"your-subject\" \/><\/span>\n<span class=\"wpcf7-form-control-wrap\" data-name=\"your-message\"><textarea cols=\"40\" rows=\"10\" maxlength=\"2000\" class=\"wpcf7-form-control wpcf7-textarea form-control min-h-150px w-full bg-white dark-border-white dark-text-dark\" aria-invalid=\"false\" placeholder=\"Poruka\" name=\"your-message\"><\/textarea><\/span>\n<button class=\"btn btn-primary btn-md text-white mt-2\" type=\"submit\">Po\u0161alji<\/button>\n<\/div><div class=\"wpcf7-response-output\" aria-hidden=\"true\"><\/div>\n<\/form>\n<\/div>\n<\/div>\n\t\t\t\t\t\t<\/div>\n\t\t\t\t<div class=\"elementor-element elementor-element-7d954f6 animejs-disable elementor-widget elementor-widget-tg-heading\" data-id=\"7d954f6\" data-element_type=\"widget\" data-widget_type=\"tg-heading.default\">\n\t\t\t\t<div class=\"elementor-widget-container\">\n\t\t\t\t\t        <p class=\"title tg-element-title mb-0 \">Ili nam po\u0161aljite poruku na <a class=\"uc-link\" href=\"mailto:office@supplyme.rs\">email<\/a>.<\/p>\r\n    \t\t\t\t<\/div>\n\t\t\t\t<\/div>\n\t\t\t\t<\/div>\n\t\t\t\t\t<\/div>\n\t\t\t\t<\/div>\n\t\t\t\t<\/div>\n\t\t<div class=\"elementor-element elementor-element-3c44886 e-flex e-con-boxed animejs-disable e-con e-parent\" data-id=\"3c44886\" data-element_type=\"container\">\n\t\t\t\t\t<div class=\"e-con-inner\">\n\t\t\t\t<div class=\"elementor-element elementor-element-2e23716 animejs-disable elementor-widget elementor-widget-tg-heading\" data-id=\"2e23716\" data-element_type=\"widget\" data-widget_type=\"tg-heading.default\">\n\t\t\t\t<div class=\"elementor-widget-container\">\n\t\t\t\t\t        <h2 class=\"title tg-element-title mb-0 \">\u010cesto postavljana pitanja:<\/h2>\r\n    \t\t\t\t<\/div>\n\t\t\t\t<\/div>\n\t\t<div class=\"elementor-element elementor-element-6abcdcf e-con-full dark:bg-gray-300 dark:bg-opacity-10 e-flex animejs-disable e-con e-child\" data-id=\"6abcdcf\" data-element_type=\"container\" data-settings=\"{&quot;background_background&quot;:&quot;classic&quot;}\">\n\t\t\t\t<div class=\"elementor-element elementor-element-40345cf animejs-disable elementor-widget elementor-widget-genix-faq\" data-id=\"40345cf\" data-element_type=\"widget\" data-widget_type=\"genix-faq.default\">\n\t\t\t\t<div class=\"elementor-widget-container\">\n\t\t\t\t\t\r\n\r\n        \r\n            <ul class=\"uc-accordion-divider gap-5 \" data-uc-accordion=\"targets: > li;\">\r\n                                    <li class=\"uc-open\">\r\n                        <a class=\"uc-accordion-title fs-5 sm:fs-4\" href=\"#\">Da li SupplyMe nudi pomo\u0107 pri onboardingu?<\/a>\r\n                        <div class=\"uc-accordion-content\">\r\n                            <p>Da, pomo\u0107 pri onboardingu je uklju\u010dena u cenu. Za zakazivanje demo sesije ili dodatna pitanja, slobodno nas kontaktirajte na office@supplyme.rs.<\/p>\r\n                        <\/div>\r\n                    <\/li>\r\n                                    <li class=\"\">\r\n                        <a class=\"uc-accordion-title fs-5 sm:fs-4\" href=\"#\">Da li mogu dodati jo\u0161 sektora?<\/a>\r\n                        <div class=\"uc-accordion-content\">\r\n                            <p>Da, mo\u017eete dodati jo\u0161 sektora. Svaki dodatni sektor se napla\u0107uje 1,990 RSD mese\u010dno.<\/p>\r\n                        <\/div>\r\n                    <\/li>\r\n                                    <li class=\"\">\r\n                        <a class=\"uc-accordion-title fs-5 sm:fs-4\" href=\"#\">Da li je SupplyMe dostupan na drugim jezicima?<\/a>\r\n                        <div class=\"uc-accordion-content\">\r\n                            <p>Da, SupplyMe je dostupan na srpskom i engleskom jeziku.<\/p>\r\n                        <\/div>\r\n                    <\/li>\r\n                                    <li class=\"\">\r\n                        <a class=\"uc-accordion-title fs-5 sm:fs-4\" href=\"#\">Da li mogu da pratim ko je kreirao, poslao ili primio porud\u017ebinu?<\/a>\r\n                        <div class=\"uc-accordion-content\">\r\n                            <p>Da, svaki \u010dlan tima potpisuje svoje akcije svojim nalogom, \u0161to omogu\u0107ava jasno pra\u0107enje ko je kreirao, poslao ili primio porud\u017ebinu. Svi podaci o porud\u017ebini ostaju sa\u010duvani u aplikaciji, \u010dak i ako se otpremnica izgubi.<\/p>\r\n                        <\/div>\r\n                    <\/li>\r\n                                    <li class=\"\">\r\n                        <a class=\"uc-accordion-title fs-5 sm:fs-4\" href=\"#\">Kako mogu da zaka\u017eem demo?<\/a>\r\n                        <div class=\"uc-accordion-content\">\r\n                            <p>Demo sesiju mo\u017eete zakazati tako \u0161to \u0107ete nas kontaktirati putem email-a na office@supplyme.rs, ili kliknuti na dugme za zakazivanje demo sesije na na\u0161em sajtu. Rado \u0107emo vam pokazati sve funkcionalnosti SupplyMe i odgovoriti na sva pitanja.<\/p>\r\n                        <\/div>\r\n                    <\/li>\r\n                            <\/ul>\r\n\r\n        \t\t\t\t<\/div>\n\t\t\t\t<\/div>\n\t\t\t\t<\/div>\n\t\t\t\t\t<\/div>\n\t\t\t\t<\/div>\n\t\t<div class=\"elementor-element elementor-element-2452215 e-flex e-con-boxed animejs-disable e-con e-parent\" data-id=\"2452215\" data-element_type=\"container\">\n\t\t\t\t\t<div class=\"e-con-inner\">\n\t\t\t\t<div class=\"elementor-element elementor-element-fc51f07 animejs-disable elementor-widget elementor-widget-tg-heading\" data-id=\"fc51f07\" data-element_type=\"widget\" data-widget_type=\"tg-heading.default\">\n\t\t\t\t<div class=\"elementor-widget-container\">\n\t\t\t\t\t        <h5 class=\"title tg-element-title mb-0 \">RESTORANI KOJI NAM VERUJU<\/h5>\r\n    \t\t\t\t<\/div>\n\t\t\t\t<\/div>\n\t\t\t\t<div class=\"elementor-element elementor-element-7b702f9 animejs-onview brand-logos animejs-element elementor-widget elementor-widget-tg-brand\" data-id=\"7b702f9\" data-element_type=\"widget\" data-anime=\"onview: -100; loop: false; opacity: [0, 1]; translateY: [0, 0]; easing: &#039;spring(1, 80, 10, 0)&#039;; duration: 450; delay: 750\" data-anime-devices=\"mobile,tablet,desktop\" data-widget_type=\"tg-brand.default\">\n\t\t\t\t<div class=\"elementor-widget-container\">\n\t\t\t\t\t\r\n        \r\n            \r\n            <div class=\"brands panel overflow-hidden opacity-50\">\r\n                <div class=\"block-panel panel\">\r\n                    <div class=\"element-brands text-gray-900 dark:text-white\">\r\n                        <div class=\"brand-swiper-active swiper\" data-uc-swiper=\"items: 4; center: true; center-bounds: true;\" data-uc-swiper-s=\"items: 4; center: false; center-bounds: false;\" data-uc-swiper-m=\"items: 6; gap: 80;\">\r\n                            <div class=\"swiper-wrapper d-flex items-center ease-linear\">\r\n                                                                                                            <div class=\"brand-item swiper-slide text-center\">\r\n                                                                                            <img decoding=\"async\" class=\"brand-item-image h-40px d-block dark:d-none\" src=\"https:\/\/supplyme.rs\/wp-content\/uploads\/2024\/12\/1-1.png\" alt=\"\">\r\n                                                                                                                                        <img decoding=\"async\" class=\"brand-item-image h-40px d-none dark:d-block\" src=\"https:\/\/supplyme.rs\/wp-content\/uploads\/2024\/12\/1-1.png\" alt=\"\">\r\n                                                                                    <\/div>\r\n                                                                                                                                                <div class=\"brand-item swiper-slide text-center\">\r\n                                                                                            <img decoding=\"async\" class=\"brand-item-image h-40px d-block dark:d-none\" src=\"https:\/\/supplyme.rs\/wp-content\/uploads\/2024\/12\/Frame-1321315644.png\" alt=\"\">\r\n                                                                                                                                        <img decoding=\"async\" class=\"brand-item-image h-40px d-none dark:d-block\" src=\"https:\/\/supplyme.rs\/wp-content\/uploads\/2024\/12\/Frame-1321315644.png\" alt=\"\">\r\n                                                                                    <\/div>\r\n                                                                                                                                                <div class=\"brand-item swiper-slide text-center\">\r\n                                                                                            <img decoding=\"async\" class=\"brand-item-image h-40px d-block dark:d-none\" src=\"https:\/\/supplyme.rs\/wp-content\/uploads\/2024\/12\/Frame-1321315642-1.png\" alt=\"\">\r\n                                                                                                                                        <img decoding=\"async\" class=\"brand-item-image h-40px d-none dark:d-block\" src=\"https:\/\/supplyme.rs\/wp-content\/uploads\/2024\/12\/Frame-1321315642-1.png\" alt=\"\">\r\n                                                                                    <\/div>\r\n                                                                                                                                                <div class=\"brand-item swiper-slide text-center\">\r\n                                                                                            <img decoding=\"async\" class=\"brand-item-image h-40px d-block dark:d-none\" src=\"https:\/\/supplyme.rs\/wp-content\/uploads\/2024\/12\/Frame-1321315643.png\" alt=\"\">\r\n                                                                                                                                        <img decoding=\"async\" class=\"brand-item-image h-40px d-none dark:d-block\" src=\"https:\/\/supplyme.rs\/wp-content\/uploads\/2024\/12\/Frame-1321315643.png\" alt=\"\">\r\n                                                                                    <\/div>\r\n                                                                                                                                                <div class=\"brand-item swiper-slide text-center\">\r\n                                                                                            <img decoding=\"async\" class=\"brand-item-image h-40px d-block dark:d-none\" src=\"https:\/\/supplyme.rs\/wp-content\/uploads\/2026\/03\/curry-cropped.png\" alt=\"\">\r\n                                                                                                                                        <img decoding=\"async\" class=\"brand-item-image h-40px d-none dark:d-block\" src=\"https:\/\/supplyme.rs\/wp-content\/uploads\/2026\/03\/curry-cropped.png\" alt=\"\">\r\n                                                                                    <\/div>\r\n                                                                                                                                                <div class=\"brand-item swiper-slide text-center\">\r\n                                                                                            <img decoding=\"async\" class=\"brand-item-image h-40px d-block dark:d-none\" src=\"https:\/\/supplyme.rs\/wp-content\/uploads\/2026\/03\/richard-cropped.png\" alt=\"\">\r\n                                                                                                                                        <img decoding=\"async\" class=\"brand-item-image h-40px d-none dark:d-block\" src=\"https:\/\/supplyme.rs\/wp-content\/uploads\/2026\/03\/richard-cropped.png\" alt=\"\">\r\n                                                                                    <\/div>\r\n                                                                                                <\/div>\r\n                        <\/div>\r\n                    <\/div>\r\n                <\/div>\r\n            <\/div>\r\n\r\n        \r\n\t\t\t\t<\/div>\n\t\t\t\t<\/div>\n\t\t\t\t\t<\/div>\n\t\t\t\t<\/div>\n\t\t<div class=\"elementor-element elementor-element-c6e2696 e-flex e-con-boxed animejs-disable e-con e-parent\" data-id=\"c6e2696\" data-element_type=\"container\">\n\t\t\t\t\t<div class=\"e-con-inner\">\n\t\t<div class=\"elementor-element elementor-element-0614cd2 e-con-full dark:bg-white dark:bg-opacity-5 e-flex animejs-disable e-con e-child\" data-id=\"0614cd2\" data-element_type=\"container\" data-settings=\"{&quot;background_background&quot;:&quot;classic&quot;}\">\n\t\t\t\t<div class=\"elementor-element elementor-element-fce8e95 animejs-disable elementor-widget elementor-widget-tg-author-grp\" data-id=\"fce8e95\" data-element_type=\"widget\" data-widget_type=\"tg-author-grp.default\">\n\t\t\t\t<div class=\"elementor-widget-container\">\n\t\t\t\t\t\r\n        \r\n            <div class=\"hstack justify-center gap-0\">\r\n                <img decoding=\"async\" src=\"https:\/\/supplyme.rs\/wp-content\/uploads\/2024\/12\/professional_office_photo.png\" alt=\"Avatar image\" class=\"w-48px h-48px sm:w-56px sm:h-56px xl:w-64px xl:h-64px rounded-circle border border-2 sm:border-3 border-secondary dark:border-gray-900\">\r\n                                    <img decoding=\"async\" src=\"https:\/\/supplyme.rs\/wp-content\/uploads\/2024\/12\/Lazar.png\" alt=\"Avatar image\" class=\"w-48px h-48px sm:w-56px sm:h-56px xl:w-64px xl:h-64px rounded-circle border border-2 sm:border-3 border-secondary dark:border-gray-900 ms-n2\">\r\n                                    <img decoding=\"async\" src=\"https:\/\/supplyme.rs\/wp-content\/uploads\/2024\/12\/1516469184355.jpeg\" alt=\"Avatar image\" class=\"w-48px h-48px sm:w-56px sm:h-56px xl:w-64px xl:h-64px rounded-circle border border-2 sm:border-3 border-secondary dark:border-gray-900 ms-n2\">\r\n                            <\/div>\r\n\r\n        \r\n\t\t\t\t<\/div>\n\t\t\t\t<\/div>\n\t\t\t\t<div class=\"elementor-element elementor-element-7bed290 animejs-disable elementor-widget elementor-widget-tg-heading\" data-id=\"7bed290\" data-element_type=\"widget\" data-widget_type=\"tg-heading.default\">\n\t\t\t\t<div class=\"elementor-widget-container\">\n\t\t\t\t\t        <h4 class=\"title tg-element-title mb-0 \">Zaka\u017eite demo i otkrijte sve prednosti SupplyMe<\/h4>\r\n    \t\t\t\t<\/div>\n\t\t\t\t<\/div>\n\t\t\t\t<div class=\"elementor-element elementor-element-b537aa6 animejs-disable elementor-widget elementor-widget-tg-heading\" data-id=\"b537aa6\" data-element_type=\"widget\" data-widget_type=\"tg-heading.default\">\n\t\t\t\t<div class=\"elementor-widget-container\">\n\t\t\t\t\t        <p class=\"title tg-element-title mb-0 \">Ako imate bilo kakvih dodatnih pitanja ili \u017eelite da vidite kako SupplyMe radi, slobodno zaka\u017eite demo sa na\u0161im timom.<\/p>\r\n    \t\t\t\t<\/div>\n\t\t\t\t<\/div>\n\t\t\t\t<div class=\"elementor-element elementor-element-7f0cc16 animejs-disable elementor-widget elementor-widget-tg-btn\" data-id=\"7f0cc16\" data-element_type=\"widget\" data-widget_type=\"tg-btn.default\">\n\t\t\t\t<div class=\"elementor-widget-container\">\n\t\t\t\t\t\r\n\r\n        \r\n                            <a href=\"https:\/\/supplyme.rs\/zakazi-demo\/\" target=\"_blank\" rel=\"nofollow\" class=\"tg-btn btn btn-primary text-white\">\r\n                    Zaka\u017ei demo                                    <\/a>\r\n            \r\n        \r\n\t\t\t\t<\/div>\n\t\t\t\t<\/div>\n\t\t\t\t<\/div>\n\t\t\t\t\t<\/div>\n\t\t\t\t<\/div>\n\t\t\t\t<\/div>\n\t\t","protected":false},"excerpt":{"rendered":"<p>Zaka\u017ei demo Pridru\u017eite se restoranima \u0161irom Srbije koji su unapredili svoje poslovanje uz pomo\u0107 SupplyMe. Optimizujte procese nabavke, u\u0161tedite vreme i resurse. Hvala vam na interesovanju za na\u0161 proizvod! Po\u0161aljite upit i na\u0161 tim \u0107e vas uskoro kontaktirati kako bi zakazao demo za SupplyMe. Ili nam po\u0161aljite poruku na email. \u010cesto postavljana pitanja:<\/p>","protected":false},"author":1,"featured_media":0,"parent":0,"menu_order":0,"comment_status":"closed","ping_status":"closed","template":"elementor_header_footer","meta":{"_monsterinsights_skip_tracking":false,"_monsterinsights_sitenote_active":false,"_monsterinsights_sitenote_note":"","_monsterinsights_sitenote_category":0,"footnotes":""},"class_list":["post-3468","page","type-page","status-publish","hentry"],"aioseo_notices":[],"_links":{"self":[{"href":"https:\/\/supplyme.rs\/en\/wp-json\/wp\/v2\/pages\/3468","targetHints":{"allow":["GET"]}}],"collection":[{"href":"https:\/\/supplyme.rs\/en\/wp-json\/wp\/v2\/pages"}],"about":[{"href":"https:\/\/supplyme.rs\/en\/wp-json\/wp\/v2\/types\/page"}],"author":[{"embeddable":true,"href":"https:\/\/supplyme.rs\/en\/wp-json\/wp\/v2\/users\/1"}],"replies":[{"embeddable":true,"href":"https:\/\/supplyme.rs\/en\/wp-json\/wp\/v2\/comments?post=3468"}],"version-history":[{"count":26,"href":"https:\/\/supplyme.rs\/en\/wp-json\/wp\/v2\/pages\/3468\/revisions"}],"predecessor-version":[{"id":4038,"href":"https:\/\/supplyme.rs\/en\/wp-json\/wp\/v2\/pages\/3468\/revisions\/4038"}],"wp:attachment":[{"href":"https:\/\/supplyme.rs\/en\/wp-json\/wp\/v2\/media?parent=3468"}],"curies":[{"name":"wp","href":"https:\/\/api.w.org\/{rel}","templated":true}]}}