{"id":3464,"date":"2024-07-09T13:08:50","date_gmt":"2024-07-09T13:08:50","guid":{"rendered":"https:\/\/lexend.themegenix.com\/five\/?page_id=1027"},"modified":"2025-10-17T19:32:08","modified_gmt":"2025-10-17T19:32:08","slug":"cenovnik","status":"publish","type":"page","link":"https:\/\/supplyme.rs\/en\/cenovnik\/","title":{"rendered":"Pricing"},"content":{"rendered":"<div data-elementor-type=\"wp-page\" data-elementor-id=\"3464\" class=\"elementor elementor-3464\">\n\t\t\t\t<div class=\"elementor-element elementor-element-b21063e e-con-full e-flex animejs-disable e-con e-parent\" data-id=\"b21063e\" data-element_type=\"container\">\n\t\t\t\t<div class=\"elementor-element elementor-element-15a5f1a elementor-absolute e-transform elementor-hidden-mobile animejs-disable elementor-widget elementor-widget-tg-dark-light-img\" data-id=\"15a5f1a\" data-element_type=\"widget\" data-settings=\"{&quot;_position&quot;:&quot;absolute&quot;,&quot;_transform_rotateZ_effect&quot;:{&quot;unit&quot;:&quot;px&quot;,&quot;size&quot;:45,&quot;sizes&quot;:[]},&quot;_transform_rotateZ_effect_tablet&quot;:{&quot;unit&quot;:&quot;deg&quot;,&quot;size&quot;:&quot;&quot;,&quot;sizes&quot;:[]},&quot;_transform_rotateZ_effect_mobile&quot;:{&quot;unit&quot;:&quot;deg&quot;,&quot;size&quot;:&quot;&quot;,&quot;sizes&quot;:[]}}\" data-widget_type=\"tg-dark-light-img.default\">\n\t\t\t\t<div class=\"elementor-widget-container\">\n\t\t\t\t\t\r\n        \r\n                                                <img decoding=\"async\" class=\"d-block dark:d-none\" src=\"https:\/\/lexend.themegenix.com\/five\/wp-content\/uploads\/2024\/07\/star-1.svg\" alt=\"Image\">\r\n                                                    <img decoding=\"async\" class=\"d-none dark:d-block\" src=\"https:\/\/lexend.themegenix.com\/five\/wp-content\/uploads\/2024\/11\/star-white-1.svg\" alt=\"Image Dark\">\r\n                            \r\n        \r\n\t\t\t\t<\/div>\n\t\t\t\t<\/div>\n\t\t\t\t<div class=\"elementor-element elementor-element-bb7fc63 elementor-absolute e-transform elementor-hidden-mobile animejs-disable elementor-widget elementor-widget-tg-dark-light-img\" data-id=\"bb7fc63\" data-element_type=\"widget\" data-settings=\"{&quot;_position&quot;:&quot;absolute&quot;,&quot;_transform_rotateZ_effect&quot;:{&quot;unit&quot;:&quot;px&quot;,&quot;size&quot;:45,&quot;sizes&quot;:[]},&quot;_transform_rotateZ_effect_tablet&quot;:{&quot;unit&quot;:&quot;deg&quot;,&quot;size&quot;:&quot;&quot;,&quot;sizes&quot;:[]},&quot;_transform_rotateZ_effect_mobile&quot;:{&quot;unit&quot;:&quot;deg&quot;,&quot;size&quot;:&quot;&quot;,&quot;sizes&quot;:[]}}\" data-widget_type=\"tg-dark-light-img.default\">\n\t\t\t\t<div class=\"elementor-widget-container\">\n\t\t\t\t\t\r\n        \r\n                                                <img decoding=\"async\" class=\"d-block dark:d-none\" src=\"https:\/\/lexend.themegenix.com\/five\/wp-content\/uploads\/2024\/07\/star-2.svg\" alt=\"Image\">\r\n                                                    <img decoding=\"async\" class=\"d-none dark:d-block\" src=\"https:\/\/lexend.themegenix.com\/five\/wp-content\/uploads\/2024\/11\/star-white-2.svg\" alt=\"Image Dark\">\r\n                            \r\n        \r\n\t\t\t\t<\/div>\n\t\t\t\t<\/div>\n\t\t<div class=\"elementor-element elementor-element-7d6fdba e-flex e-con-boxed animejs-disable e-con e-child\" data-id=\"7d6fdba\" data-element_type=\"container\">\n\t\t\t\t\t<div class=\"e-con-inner\">\n\t\t<div class=\"elementor-element elementor-element-627f5b4 e-con-full e-flex animejs-disable e-con e-child\" data-id=\"627f5b4\" data-element_type=\"container\">\n\t\t\t\t<div class=\"elementor-element elementor-element-a7c6e57 animejs-disable elementor-widget elementor-widget-tg-heading\" data-id=\"a7c6e57\" data-element_type=\"widget\" data-widget_type=\"tg-heading.default\">\n\t\t\t\t<div class=\"elementor-widget-container\">\n\t\t\t\t\t        <h2 class=\"title tg-element-title mb-0\">Price adjusted to your needs<\/h2>\r\n    \t\t\t\t<\/div>\n\t\t\t\t<\/div>\n\t\t\t\t<div class=\"elementor-element elementor-element-9effbcb dark:text-white text-dark text-opacity-70 animejs-disable elementor-widget elementor-widget-tg-heading\" data-id=\"9effbcb\" data-element_type=\"widget\" data-widget_type=\"tg-heading.default\">\n\t\t\t\t<div class=\"elementor-widget-container\">\n\t\t\t\t\t        <p class=\"title tg-element-title mb-0\">Optimize every step of procurement without hidden costs.<\/p>\r\n    \t\t\t\t<\/div>\n\t\t\t\t<\/div>\n\t\t\t\t<\/div>\n\t\t<div class=\"elementor-element elementor-element-f1f7a79 e-con-full e-flex animejs-disable e-con e-child\" data-id=\"f1f7a79\" data-element_type=\"container\">\n\t\t<div class=\"elementor-element elementor-element-3478114 e-grid e-con-full animejs-disable e-con e-child\" data-id=\"3478114\" data-element_type=\"container\">\n\t\t\t\t<div class=\"elementor-element elementor-element-1c2eef8 animejs-disable elementor-widget elementor-widget-tg-pricing\" data-id=\"1c2eef8\" data-element_type=\"widget\" data-widget_type=\"tg-pricing.default\">\n\t\t\t\t<div class=\"elementor-widget-container\">\n\t\t\t\t\t\r\n        \r\n            <div class=\"tier panel vstack gap-2 xl:gap-4 px-3 py-4 sm:p-4 lg:p-6 bg-secondary dark:bg-gray-300 dark:bg-opacity-10 rounded lg:rounded-2\">\r\n                                <div class=\"panel\">\r\n                                            <h3 class=\"title h5 sm:h4 dark:text-white\">For hospitality<\/h3>\r\n                                                                <p class=\"desc dark:text-whiteopacity-70 dark:opacity-80\">Manage procurement without paper and calls <\/p>\r\n                                    <\/div>\r\n                <div class=\"panel\">\r\n                    <div class=\"panel vstack gap-narrow\">\r\n                                                    <h5 class=\"title h3 sm:h2 m-0 dark:text-white\">RSD4,990<\/h5>\r\n                                                <span class=\"fs-7 opacity-70\"><\/span>\r\n                                                    <div class=\"vstack gap-1 justify-center text-center mt-3\">\r\n                                <a href=\"https:\/\/supplyme.rs\/en\/zakazi-demo\/\" target=\"_blank\" rel=\"nofollow\" class=\"btn btn-md sm:btn-sm lg:btn-md btn-primary text-white\">Request a demo<\/a>\r\n                                <span class=\"fs-7 opacity-70 min-h-24px\">The trial period lasts 15 days.<\/span>\r\n                            <\/div>\r\n                                            <\/div>\r\n                <\/div>\r\n                <div class=\"panel\">\r\n                    <div class=\"panel vstack gap-2\">\r\n                                                    <span class=\"fs-6 fw-bold dark:text-white\">What is included<\/span>\r\n                                                                            <div class=\"hstack gap-1 fs-7\">\r\n                                                                    <span class=\"cstack tg-icon w-16px h-16px bg-primary text-white rounded-circle fw-bold\">\r\n                                        <i aria-hidden=\"true\" class=\"unicon-checkmark\"><\/i>                                    <\/span>\r\n                                                                <span>2 sectors per facility<\/span>\r\n                            <\/div>\r\n                                                    <div class=\"hstack gap-1 fs-7\">\r\n                                                                    <span class=\"cstack tg-icon w-16px h-16px bg-primary text-white rounded-circle fw-bold\">\r\n                                        <i aria-hidden=\"true\" class=\"unicon-checkmark\"><\/i>                                    <\/span>\r\n                                                                <span>10 users per sector<\/span>\r\n                            <\/div>\r\n                                                    <div class=\"hstack gap-1 fs-7\">\r\n                                                                    <span class=\"cstack tg-icon w-16px h-16px bg-primary text-white rounded-circle fw-bold\">\r\n                                        <i aria-hidden=\"true\" class=\"unicon-checkmark\"><\/i>                                    <\/span>\r\n                                                                <span>Create an unlimited number of suppliers and items<\/span>\r\n                            <\/div>\r\n                                                    <div class=\"hstack gap-1 fs-7\">\r\n                                                                    <span class=\"cstack tg-icon w-16px h-16px bg-primary text-white rounded-circle fw-bold\">\r\n                                        <i aria-hidden=\"true\" class=\"unicon-checkmark\"><\/i>                                    <\/span>\r\n                                                                <span>Recommended order quantities<\/span>\r\n                            <\/div>\r\n                                                    <div class=\"hstack gap-1 fs-7\">\r\n                                                                    <span class=\"cstack tg-icon w-16px h-16px bg-primary text-white rounded-circle fw-bold\">\r\n                                        <i aria-hidden=\"true\" class=\"unicon-checkmark\"><\/i>                                    <\/span>\r\n                                                                <span>Favorite items (Favorites)<\/span>\r\n                            <\/div>\r\n                                                    <div class=\"hstack gap-1 fs-7\">\r\n                                                                    <span class=\"cstack tg-icon w-16px h-16px bg-primary text-white rounded-circle fw-bold\">\r\n                                        <i aria-hidden=\"true\" class=\"unicon-checkmark\"><\/i>                                    <\/span>\r\n                                                                <span>Important information about suppliers<\/span>\r\n                            <\/div>\r\n                                                    <div class=\"hstack gap-1 fs-7\">\r\n                                                                    <span class=\"cstack tg-icon w-16px h-16px bg-primary text-white rounded-circle fw-bold\">\r\n                                        <i aria-hidden=\"true\" class=\"unicon-checkmark\"><\/i>                                    <\/span>\r\n                                                                <span>Receipt of orders and notification of arrived items<\/span>\r\n                            <\/div>\r\n                                                    <div class=\"hstack gap-1 fs-7\">\r\n                                                                    <span class=\"cstack tg-icon w-16px h-16px bg-primary text-white rounded-circle fw-bold\">\r\n                                        <i aria-hidden=\"true\" class=\"unicon-checkmark\"><\/i>                                    <\/span>\r\n                                                                <span>Open order<\/span>\r\n                            <\/div>\r\n                                                    <div class=\"hstack gap-1 fs-7\">\r\n                                                                    <span class=\"cstack tg-icon w-16px h-16px bg-primary text-white rounded-circle fw-bold\">\r\n                                        <i aria-hidden=\"true\" class=\"unicon-checkmark\"><\/i>                                    <\/span>\r\n                                                                <span>Report on the quantities arrived for the desired period<\/span>\r\n                            <\/div>\r\n                                                    <div class=\"hstack gap-1 fs-7\">\r\n                                                                    <span class=\"cstack tg-icon w-16px h-16px bg-primary text-white rounded-circle fw-bold\">\r\n                                        <i aria-hidden=\"true\" class=\"unicon-checkmark\"><\/i>                                    <\/span>\r\n                                                                <span>Communication via SMS, E-mail, Viber, WhatsApp<\/span>\r\n                            <\/div>\r\n                                            <\/div>\r\n                <\/div>\r\n                            <\/div>\r\n\r\n        \r\n\t\t\t\t<\/div>\n\t\t\t\t<\/div>\n\t\t\t\t<div class=\"elementor-element elementor-element-e3f46c3 animejs-disable elementor-widget elementor-widget-tg-pricing\" data-id=\"e3f46c3\" data-element_type=\"widget\" data-widget_type=\"tg-pricing.default\">\n\t\t\t\t<div class=\"elementor-widget-container\">\n\t\t\t\t\t\r\n        \r\n            <div class=\"tier panel vstack gap-2 xl:gap-4 px-3 py-4 sm:p-4 lg:p-6 bg-secondary dark:bg-gray-300 dark:bg-opacity-10 rounded lg:rounded-2\">\r\n                                <div class=\"panel\">\r\n                                            <h3 class=\"title h5 sm:h4 dark:text-white\">For distributors<\/h3>\r\n                                                                <p class=\"desc dark:text-whiteopacity-70 dark:opacity-80\">One place for all your orders<\/p>\r\n                                    <\/div>\r\n                <div class=\"panel\">\r\n                    <div class=\"panel vstack gap-narrow\">\r\n                                                    <h5 class=\"title h3 sm:h2 m-0 dark:text-white\">Contact us<\/h5>\r\n                                                <span class=\"fs-7 opacity-70\"><\/span>\r\n                                                    <div class=\"vstack gap-1 justify-center text-center mt-3\">\r\n                                <a href=\"https:\/\/supplyme.rs\/en\/zakazi-demo\/\" target=\"_blank\" rel=\"nofollow\" class=\"btn btn-md sm:btn-sm lg:btn-md btn-primary text-white\">Request a demo<\/a>\r\n                                <span class=\"fs-7 opacity-70 min-h-24px\">The trial period lasts 15 days.<\/span>\r\n                            <\/div>\r\n                                            <\/div>\r\n                <\/div>\r\n                <div class=\"panel\">\r\n                    <div class=\"panel vstack gap-2\">\r\n                                                    <span class=\"fs-6 fw-bold dark:text-white\">What is included<\/span>\r\n                                                                            <div class=\"hstack gap-1 fs-7\">\r\n                                                                    <span class=\"cstack tg-icon w-16px h-16px bg-primary text-white rounded-circle fw-bold\">\r\n                                        <i aria-hidden=\"true\" class=\"unicon-checkmark\"><\/i>                                    <\/span>\r\n                                                                <span>A unique channel of communication with customers<\/span>\r\n                            <\/div>\r\n                                                    <div class=\"hstack gap-1 fs-7\">\r\n                                                                    <span class=\"cstack tg-icon w-16px h-16px bg-primary text-white rounded-circle fw-bold\">\r\n                                        <i aria-hidden=\"true\" class=\"unicon-checkmark\"><\/i>                                    <\/span>\r\n                                                                <span>Customer and offer management (creation, update, deactivation)<\/span>\r\n                            <\/div>\r\n                                                    <div class=\"hstack gap-1 fs-7\">\r\n                                                                    <span class=\"cstack tg-icon w-16px h-16px bg-primary text-white rounded-circle fw-bold\">\r\n                                        <i aria-hidden=\"true\" class=\"unicon-checkmark\"><\/i>                                    <\/span>\r\n                                                                <span>Receiving orders from several restaurants in one place<\/span>\r\n                            <\/div>\r\n                                                    <div class=\"hstack gap-1 fs-7\">\r\n                                                                    <span class=\"cstack tg-icon w-16px h-16px bg-primary text-white rounded-circle fw-bold\">\r\n                                        <i aria-hidden=\"true\" class=\"unicon-checkmark\"><\/i>                                    <\/span>\r\n                                                                <span>Overview of orders by status<\/span>\r\n                            <\/div>\r\n                                                    <div class=\"hstack gap-1 fs-7\">\r\n                                                                    <span class=\"cstack tg-icon w-16px h-16px bg-primary text-white rounded-circle fw-bold\">\r\n                                        <i aria-hidden=\"true\" class=\"unicon-checkmark\"><\/i>                                    <\/span>\r\n                                                                <span>View and filter by customer, date, and item<\/span>\r\n                            <\/div>\r\n                                                    <div class=\"hstack gap-1 fs-7\">\r\n                                                                    <span class=\"cstack tg-icon w-16px h-16px bg-primary text-white rounded-circle fw-bold\">\r\n                                        <i aria-hidden=\"true\" class=\"unicon-checkmark\"><\/i>                                    <\/span>\r\n                                                                <span>Automatic archiving of orders and documents<\/span>\r\n                            <\/div>\r\n                                                    <div class=\"hstack gap-1 fs-7\">\r\n                                                                    <span class=\"cstack tg-icon w-16px h-16px bg-primary text-white rounded-circle fw-bold\">\r\n                                        <i aria-hidden=\"true\" class=\"unicon-checkmark\"><\/i>                                    <\/span>\r\n                                                                <span>Warehouse item map<\/span>\r\n                            <\/div>\r\n                                                    <div class=\"hstack gap-1 fs-7\">\r\n                                                                    <span class=\"cstack tg-icon w-16px h-16px bg-primary text-white rounded-circle fw-bold\">\r\n                                        <i aria-hidden=\"true\" class=\"unicon-checkmark\"><\/i>                                    <\/span>\r\n                                                                <span>Availability of items<\/span>\r\n                            <\/div>\r\n                                                    <div class=\"hstack gap-1 fs-7\">\r\n                                                                    <span class=\"cstack tg-icon w-16px h-16px bg-primary text-white rounded-circle fw-bold\">\r\n                                        <i aria-hidden=\"true\" class=\"unicon-checkmark\"><\/i>                                    <\/span>\r\n                                                                <span>Create a delivery route with an overview of locations<\/span>\r\n                            <\/div>\r\n                                                    <div class=\"hstack gap-1 fs-7\">\r\n                                                                    <span class=\"cstack tg-icon w-16px h-16px bg-primary text-white rounded-circle fw-bold\">\r\n                                        <i aria-hidden=\"true\" class=\"unicon-checkmark\"><\/i>                                    <\/span>\r\n                                                                <span>Integration with commodity business software<\/span>\r\n                            <\/div>\r\n                                            <\/div>\r\n                <\/div>\r\n                            <\/div>\r\n\r\n        \r\n\t\t\t\t<\/div>\n\t\t\t\t<\/div>\n\t\t\t\t<\/div>\n\t\t\t\t<\/div>\n\t\t\t\t\t<\/div>\n\t\t\t\t<\/div>\n\t\t\t\t<\/div>\n\t\t<div class=\"elementor-element elementor-element-442b6c5 e-flex e-con-boxed animejs-disable e-con e-parent\" data-id=\"442b6c5\" data-element_type=\"container\">\n\t\t\t\t\t<div class=\"e-con-inner\">\n\t\t\t\t<div class=\"elementor-element elementor-element-3a50828 animejs-disable elementor-widget elementor-widget-tg-heading\" data-id=\"3a50828\" data-element_type=\"widget\" data-widget_type=\"tg-heading.default\">\n\t\t\t\t<div class=\"elementor-widget-container\">\n\t\t\t\t\t        <h5 class=\"title tg-element-title mb-0\">Partners who trust us<\/h5>\r\n    \t\t\t\t<\/div>\n\t\t\t\t<\/div>\n\t\t<div class=\"elementor-element elementor-element-a31cb72 e-grid e-con-full animejs-disable e-con e-child\" data-id=\"a31cb72\" data-element_type=\"container\">\n\t\t\t\t<div class=\"elementor-element elementor-element-18eef28 animejs-disable elementor-widget elementor-widget-image\" data-id=\"18eef28\" data-element_type=\"widget\" data-widget_type=\"image.default\">\n\t\t\t\t\t\t\t\t\t\t\t\t\t\t\t<img fetchpriority=\"high\" decoding=\"async\" width=\"300\" height=\"300\" src=\"https:\/\/supplyme.rs\/wp-content\/uploads\/2025\/10\/1-300x300.png\" class=\"attachment-medium size-medium wp-image-3923\" alt=\"\" srcset=\"https:\/\/supplyme.rs\/wp-content\/uploads\/2025\/10\/1-300x300.png 300w, https:\/\/supplyme.rs\/wp-content\/uploads\/2025\/10\/1-150x150.png 150w, https:\/\/supplyme.rs\/wp-content\/uploads\/2025\/10\/1.png 500w\" sizes=\"(max-width: 300px) 100vw, 300px\" \/>\t\t\t\t\t\t\t\t\t\t\t\t\t\t\t<\/div>\n\t\t\t\t<div class=\"elementor-element elementor-element-d5ba00d animejs-disable elementor-widget elementor-widget-image\" data-id=\"d5ba00d\" data-element_type=\"widget\" data-widget_type=\"image.default\">\n\t\t\t\t\t\t\t\t\t\t\t\t\t\t\t<img decoding=\"async\" width=\"300\" height=\"300\" src=\"https:\/\/supplyme.rs\/wp-content\/uploads\/2025\/10\/4-300x300.png\" class=\"attachment-medium size-medium wp-image-3926\" alt=\"\" srcset=\"https:\/\/supplyme.rs\/wp-content\/uploads\/2025\/10\/4-300x300.png 300w, https:\/\/supplyme.rs\/wp-content\/uploads\/2025\/10\/4-150x150.png 150w, https:\/\/supplyme.rs\/wp-content\/uploads\/2025\/10\/4.png 500w\" sizes=\"(max-width: 300px) 100vw, 300px\" \/>\t\t\t\t\t\t\t\t\t\t\t\t\t\t\t<\/div>\n\t\t\t\t<div class=\"elementor-element elementor-element-20492bd animejs-disable elementor-widget elementor-widget-image\" data-id=\"20492bd\" data-element_type=\"widget\" data-widget_type=\"image.default\">\n\t\t\t\t\t\t\t\t\t\t\t\t\t\t\t<img decoding=\"async\" width=\"300\" height=\"300\" src=\"https:\/\/supplyme.rs\/wp-content\/uploads\/2025\/10\/5-300x300.png\" class=\"attachment-medium size-medium wp-image-3927\" alt=\"\" srcset=\"https:\/\/supplyme.rs\/wp-content\/uploads\/2025\/10\/5-300x300.png 300w, https:\/\/supplyme.rs\/wp-content\/uploads\/2025\/10\/5-150x150.png 150w, https:\/\/supplyme.rs\/wp-content\/uploads\/2025\/10\/5.png 500w\" sizes=\"(max-width: 300px) 100vw, 300px\" \/>\t\t\t\t\t\t\t\t\t\t\t\t\t\t\t<\/div>\n\t\t\t\t<div class=\"elementor-element elementor-element-9877eed animejs-disable elementor-widget elementor-widget-image\" data-id=\"9877eed\" data-element_type=\"widget\" data-widget_type=\"image.default\">\n\t\t\t\t\t\t\t\t\t\t\t\t\t\t\t<img loading=\"lazy\" decoding=\"async\" width=\"300\" height=\"300\" src=\"https:\/\/supplyme.rs\/wp-content\/uploads\/2025\/10\/2-300x300.png\" class=\"attachment-medium size-medium wp-image-3924\" alt=\"\" srcset=\"https:\/\/supplyme.rs\/wp-content\/uploads\/2025\/10\/2-300x300.png 300w, https:\/\/supplyme.rs\/wp-content\/uploads\/2025\/10\/2-150x150.png 150w, https:\/\/supplyme.rs\/wp-content\/uploads\/2025\/10\/2.png 500w\" sizes=\"(max-width: 300px) 100vw, 300px\" \/>\t\t\t\t\t\t\t\t\t\t\t\t\t\t\t<\/div>\n\t\t\t\t<div class=\"elementor-element elementor-element-d9b42ac animejs-disable elementor-widget elementor-widget-image\" data-id=\"d9b42ac\" data-element_type=\"widget\" data-widget_type=\"image.default\">\n\t\t\t\t\t\t\t\t\t\t\t\t\t\t\t<img loading=\"lazy\" decoding=\"async\" width=\"300\" height=\"300\" src=\"https:\/\/supplyme.rs\/wp-content\/uploads\/2025\/10\/9-300x300.png\" class=\"attachment-medium size-medium wp-image-3931\" alt=\"\" srcset=\"https:\/\/supplyme.rs\/wp-content\/uploads\/2025\/10\/9-300x300.png 300w, https:\/\/supplyme.rs\/wp-content\/uploads\/2025\/10\/9-150x150.png 150w, https:\/\/supplyme.rs\/wp-content\/uploads\/2025\/10\/9.png 500w\" sizes=\"(max-width: 300px) 100vw, 300px\" \/>\t\t\t\t\t\t\t\t\t\t\t\t\t\t\t<\/div>\n\t\t\t\t<div class=\"elementor-element elementor-element-11eadea animejs-disable elementor-widget elementor-widget-image\" data-id=\"11eadea\" data-element_type=\"widget\" data-widget_type=\"image.default\">\n\t\t\t\t\t\t\t\t\t\t\t\t\t\t\t<img loading=\"lazy\" decoding=\"async\" width=\"500\" height=\"500\" src=\"https:\/\/supplyme.rs\/wp-content\/uploads\/2025\/10\/7.png\" class=\"attachment-large size-large wp-image-3929\" alt=\"\" srcset=\"https:\/\/supplyme.rs\/wp-content\/uploads\/2025\/10\/7.png 500w, https:\/\/supplyme.rs\/wp-content\/uploads\/2025\/10\/7-300x300.png 300w, https:\/\/supplyme.rs\/wp-content\/uploads\/2025\/10\/7-150x150.png 150w\" sizes=\"(max-width: 500px) 100vw, 500px\" \/>\t\t\t\t\t\t\t\t\t\t\t\t\t\t\t<\/div>\n\t\t\t\t<\/div>\n\t\t\t\t\t<\/div>\n\t\t\t\t<\/div>\n\t\t\t\t<\/div>","protected":false},"excerpt":{"rendered":"<p>Cena prilago\u0111ena va\u0161im potrebama Optimizujte svaki korak nabavke bez skrivenih tro\u0161kova. Za ugostiteljske objekte Upravljaj nabavkom bez papira i poziva RSD4,990 Zaka\u017ei demo Probni period traje 15 dana \u0160ta je uklju\u010deno 2 sektora po objektu 10 korisnika po sektoru Kreiranje neograni\u010denog broja dobavlja\u010da i artikala Preporu\u010dene koli\u010dine za poru\u010divanje Omiljeni artikli (Favoriti) Va\u017ene informacije o [&hellip;]<\/p>\n","protected":false},"author":1,"featured_media":0,"parent":0,"menu_order":0,"comment_status":"closed","ping_status":"closed","template":"elementor_header_footer","meta":{"_monsterinsights_skip_tracking":false,"_monsterinsights_sitenote_active":false,"_monsterinsights_sitenote_note":"","_monsterinsights_sitenote_category":0,"footnotes":""},"class_list":["post-3464","page","type-page","status-publish","hentry"],"aioseo_notices":[],"_links":{"self":[{"href":"https:\/\/supplyme.rs\/en\/wp-json\/wp\/v2\/pages\/3464","targetHints":{"allow":["GET"]}}],"collection":[{"href":"https:\/\/supplyme.rs\/en\/wp-json\/wp\/v2\/pages"}],"about":[{"href":"https:\/\/supplyme.rs\/en\/wp-json\/wp\/v2\/types\/page"}],"author":[{"embeddable":true,"href":"https:\/\/supplyme.rs\/en\/wp-json\/wp\/v2\/users\/1"}],"replies":[{"embeddable":true,"href":"https:\/\/supplyme.rs\/en\/wp-json\/wp\/v2\/comments?post=3464"}],"version-history":[{"count":11,"href":"https:\/\/supplyme.rs\/en\/wp-json\/wp\/v2\/pages\/3464\/revisions"}],"predecessor-version":[{"id":3935,"href":"https:\/\/supplyme.rs\/en\/wp-json\/wp\/v2\/pages\/3464\/revisions\/3935"}],"wp:attachment":[{"href":"https:\/\/supplyme.rs\/en\/wp-json\/wp\/v2\/media?parent=3464"}],"curies":[{"name":"wp","href":"https:\/\/api.w.org\/{rel}","templated":true}]}}