{"id":1023,"date":"2024-07-09T13:02:34","date_gmt":"2024-07-09T13:02:34","guid":{"rendered":"https:\/\/lexend.themegenix.com\/?page_id=1023"},"modified":"2025-07-23T13:36:44","modified_gmt":"2025-07-23T13:36:44","slug":"about","status":"publish","type":"page","link":"https:\/\/supplyme.rs\/en\/about\/","title":{"rendered":"About"},"content":{"rendered":"\t\t<div data-elementor-type=\"wp-page\" data-elementor-id=\"1023\" class=\"elementor elementor-1023\">\n\t\t\t\t<div class=\"elementor-element elementor-element-4f19e7b e-con-full e-flex animejs-disable e-con e-parent\" data-id=\"4f19e7b\" data-element_type=\"container\">\n\t\t\t\t<div class=\"elementor-element elementor-element-4a25355 elementor-absolute e-transform elementor-hidden-mobile animejs-onview animejs-element elementor-widget elementor-widget-tg-dark-light-img\" data-id=\"4a25355\" data-element_type=\"widget\" data-settings=\"{&quot;_position&quot;:&quot;absolute&quot;,&quot;_transform_rotateZ_effect&quot;:{&quot;unit&quot;:&quot;px&quot;,&quot;size&quot;:45,&quot;sizes&quot;:[]},&quot;_transform_rotateZ_effect_tablet&quot;:{&quot;unit&quot;:&quot;deg&quot;,&quot;size&quot;:&quot;&quot;,&quot;sizes&quot;:[]},&quot;_transform_rotateZ_effect_mobile&quot;:{&quot;unit&quot;:&quot;deg&quot;,&quot;size&quot;:&quot;&quot;,&quot;sizes&quot;:[]}}\" data-anime=\"onview: -100; loop: false; opacity: [0, 1]; scale: [0, 1]; easing: &#039;spring(1, 80, 10, 0)&#039;; duration: 450; delay: 200\" data-anime-devices=\"mobile,tablet,desktop\" data-widget_type=\"tg-dark-light-img.default\">\n\t\t\t\t<div class=\"elementor-widget-container\">\n\t\t\t\t\t\r\n        \r\n                                                <img decoding=\"async\" class=\"d-block dark:d-none\" src=\"https:\/\/lexend.themegenix.com\/wp-content\/uploads\/2024\/07\/star-1.svg\" alt=\"Image\">\r\n                                                    <img decoding=\"async\" class=\"d-none dark:d-block\" src=\"https:\/\/lexend.themegenix.com\/wp-content\/uploads\/2024\/06\/star-white-1.svg\" alt=\"Image Dark\">\r\n                            \r\n        \r\n\t\t\t\t<\/div>\n\t\t\t\t<\/div>\n\t\t\t\t<div class=\"elementor-element elementor-element-80ccdf0 elementor-absolute e-transform elementor-hidden-mobile animejs-onview animejs-element elementor-widget elementor-widget-tg-dark-light-img\" data-id=\"80ccdf0\" data-element_type=\"widget\" data-settings=\"{&quot;_position&quot;:&quot;absolute&quot;,&quot;_transform_rotateZ_effect&quot;:{&quot;unit&quot;:&quot;px&quot;,&quot;size&quot;:45,&quot;sizes&quot;:[]},&quot;_transform_rotateZ_effect_tablet&quot;:{&quot;unit&quot;:&quot;deg&quot;,&quot;size&quot;:&quot;&quot;,&quot;sizes&quot;:[]},&quot;_transform_rotateZ_effect_mobile&quot;:{&quot;unit&quot;:&quot;deg&quot;,&quot;size&quot;:&quot;&quot;,&quot;sizes&quot;:[]}}\" data-anime=\"onview: -100; loop: false; opacity: [0, 1]; scale: [0, 1]; easing: &#039;spring(1, 80, 10, 0)&#039;; duration: 450; delay: 200\" data-anime-devices=\"mobile,tablet,desktop\" data-widget_type=\"tg-dark-light-img.default\">\n\t\t\t\t<div class=\"elementor-widget-container\">\n\t\t\t\t\t\r\n        \r\n                                                <img decoding=\"async\" class=\"d-block dark:d-none\" src=\"https:\/\/lexend.themegenix.com\/wp-content\/uploads\/2024\/07\/star-2.svg\" alt=\"Image\">\r\n                                                    <img decoding=\"async\" class=\"d-none dark:d-block\" src=\"https:\/\/lexend.themegenix.com\/wp-content\/uploads\/2024\/06\/star-white-2.svg\" alt=\"Image Dark\">\r\n                            \r\n        \r\n\t\t\t\t<\/div>\n\t\t\t\t<\/div>\n\t\t<div class=\"elementor-element elementor-element-6e4ac94 e-flex e-con-boxed animejs-disable e-con e-child\" data-id=\"6e4ac94\" data-element_type=\"container\">\n\t\t\t\t\t<div class=\"e-con-inner\">\n\t\t<div class=\"elementor-element elementor-element-247a379 e-con-full animejs-onview e-flex animejs-element e-con e-child\" data-id=\"247a379\" data-element_type=\"container\" data-anime=\"onview: ; loop: false; targets: .elementor-element; opacity: [0, 1]; translateY: [48, 0]; easing: &#039;spring(1, 80, 10, 0)&#039;; duration: 450; delay: ; delay: anime.stagger(100, {start: 200})\" data-anime-devices=\"mobile,tablet,desktop\">\n\t\t\t\t<div class=\"elementor-element elementor-element-0c1dfe8 animejs-disable elementor-widget elementor-widget-tg-heading\" data-id=\"0c1dfe8\" data-element_type=\"widget\" data-widget_type=\"tg-heading.default\">\n\t\t\t\t<div class=\"elementor-widget-container\">\n\t\t\t\t\t        <h2 class=\"title tg-element-title mb-0 \">Ko smo mi?<\/h2>\r\n    \t\t\t\t<\/div>\n\t\t\t\t<\/div>\n\t\t\t\t<div class=\"elementor-element elementor-element-9a53db6 dark:text-white text-dark text-opacity-70 animejs-disable elementor-widget elementor-widget-tg-heading\" data-id=\"9a53db6\" data-element_type=\"widget\" data-widget_type=\"tg-heading.default\">\n\t\t\t\t<div class=\"elementor-widget-container\">\n\t\t\t\t\t        <p class=\"title tg-element-title mb-0 \">Dolazimo iz sveta ugostiteljstva, gde smo, rade\u0107i sa nekim od najpoznatijih beogradskih restorana, iz prve ruke iskusili izazove svakodnevnog poslovanja. Ideja za SupplyMe nastala je prirodno \u2013 \u017eeleli smo da pojednostavimo nabavku i komunikaciju sa dobavlja\u010dima, jer znamo koliko je to klju\u010dno za smanjenje tro\u0161kova i efikasnije poslovanje.\n<br>\n<br>\nIz razgovora sa vlasnicima, menad\u017eerima i \u0161efovima u ugostiteljstvu nau\u010dili smo da su najve\u0107i problemi u procesu nabavke \u010desto povezani sa gre\u0161kama i gubitkom vremena. Na\u0161 cilj je bio da stvorimo re\u0161enje koje ne samo da re\u0161ava te probleme, ve\u0107 i unapre\u0111uje na\u010din rada svakog tima.<\/p>\r\n    \t\t\t\t<\/div>\n\t\t\t\t<\/div>\n\t\t\t\t<\/div>\n\t\t\t\t\t<\/div>\n\t\t\t\t<\/div>\n\t\t\t\t<\/div>\n\t\t<div class=\"elementor-element elementor-element-81f5884 dark:bg-gray-300 dark:bg-opacity-10 animejs-onview e-flex e-con-boxed animejs-element e-con e-parent\" data-id=\"81f5884\" data-element_type=\"container\" data-settings=\"{&quot;background_background&quot;:&quot;classic&quot;}\" data-anime=\"onview: -100; loop: false; targets: .elementor-element; opacity: [0, 1]; translateY: [48, 0]; easing: &#039;spring(1, 80, 10, 0)&#039;; duration: 450; delay: ; delay: anime.stagger(100, {start: 200})\" data-anime-devices=\"mobile,tablet,desktop\">\n\t\t\t\t\t<div class=\"e-con-inner\">\n\t\t\t\t<div class=\"elementor-element elementor-element-01659c0 animejs-disable elementor-widget elementor-widget-tg-heading\" data-id=\"01659c0\" data-element_type=\"widget\" data-widget_type=\"tg-heading.default\">\n\t\t\t\t<div class=\"elementor-widget-container\">\n\t\t\t\t\t        <h2 class=\"title tg-element-title mb-0 \">\u0160ta je na\u0161 cilj?<\/h2>\r\n    \t\t\t\t<\/div>\n\t\t\t\t<\/div>\n\t\t\t\t<div class=\"elementor-element elementor-element-ab55a56 dark:text-white text-dark text-opacity-70 animejs-disable elementor-widget elementor-widget-tg-heading\" data-id=\"ab55a56\" data-element_type=\"widget\" data-widget_type=\"tg-heading.default\">\n\t\t\t\t<div class=\"elementor-widget-container\">\n\t\t\t\t\t        <p class=\"title tg-element-title mb-0 \">U dana\u0161njem vremenu, svaki minut je bitan. SupplyMe mo\u017ee da u\u0161tedi 15\u201320 minuta dnevno u dobro organizovanim restoranima, a u onima sa vi\u0161e izazova \u010dak i do 60 minuta. Ovo nije samo procena \u2013 to su rezultati ankete koju smo sproveli me\u0111u 190 profesionalaca u ugostiteljstvu. Zamislite \u0161ta biste vi mogli da uradite sa tim dodatnim vremenom.\n<br> \n<br>\nNa kraju, na\u0161 cilj je jednostavan: da vam olak\u0161amo posao, u\u0161tedimo vreme i pomognemo da postignete najbolje rezultate.\n\n<\/p>\r\n    \t\t\t\t<\/div>\n\t\t\t\t<\/div>\n\t\t<div class=\"elementor-element elementor-element-a610513 e-con-full e-flex animejs-disable e-con e-child\" data-id=\"a610513\" data-element_type=\"container\">\n\t\t\t\t<div class=\"elementor-element elementor-element-226ed7c animejs-disable elementor-widget elementor-widget-spacer\" data-id=\"226ed7c\" data-element_type=\"widget\" data-widget_type=\"spacer.default\">\n\t\t\t\t\t\t\t<div class=\"elementor-spacer\">\n\t\t\t<div class=\"elementor-spacer-inner\"><\/div>\n\t\t<\/div>\n\t\t\t\t\t\t<\/div>\n\t\t\t\t<\/div>\n\t\t\t\t\t<\/div>\n\t\t\t\t<\/div>\n\t\t<div class=\"elementor-element elementor-element-cfe3f1d e-flex e-con-boxed animejs-disable e-con e-parent\" data-id=\"cfe3f1d\" data-element_type=\"container\">\n\t\t\t\t\t<div class=\"e-con-inner\">\n\t\t\t\t<div class=\"elementor-element elementor-element-7e63869 animejs-onview animejs-element elementor-widget elementor-widget-tg-heading\" data-id=\"7e63869\" data-element_type=\"widget\" data-anime=\"onview: -100; loop: false; opacity: [0, 1]; translateY: [48, 0]; easing: &#039;spring(1, 80, 10, 0)&#039;; duration: 450; delay: 100\" data-anime-devices=\"mobile,tablet,desktop\" data-widget_type=\"tg-heading.default\">\n\t\t\t\t<div class=\"elementor-widget-container\">\n\t\t\t\t\t        <h2 class=\"title tg-element-title mb-0 \">Na\u0161a misija<\/h2>\r\n    \t\t\t\t<\/div>\n\t\t\t\t<\/div>\n\t\t<div class=\"elementor-element elementor-element-cb19040 e-grid e-con-full animejs-onview animejs-element e-con e-child\" data-id=\"cb19040\" data-element_type=\"container\" data-anime=\"onview: -100; loop: false; targets: .elementor-element; opacity: [0, 1]; translateY: [48, 0]; easing: &#039;spring(1, 80, 10, 0)&#039;; duration: 450; delay: ; delay: anime.stagger(100, {start: 200})\" data-anime-devices=\"mobile,tablet,desktop\">\n\t\t\t\t<div class=\"elementor-element elementor-element-9a3efdb animejs-disable elementor-widget elementor-widget-tg-iconbox\" data-id=\"9a3efdb\" data-element_type=\"widget\" data-widget_type=\"tg-iconbox.default\">\n\t\t\t\t<div class=\"elementor-widget-container\">\n\t\t\t\t\t\r\n        \r\n            <div class=\"panel genix-box vstack gap-2 p-4 lg:py-6 rounded-2 bg-secondary dark:bg-gray-300 dark:bg-opacity-10\">\r\n                                    <img decoding=\"async\" class=\"w-64px lg:w-80px d-block dark:d-none\" src=\"https:\/\/supplyme.rs\/wp-content\/uploads\/2024\/12\/1-2.png\" alt=\"Image\">\r\n                                                    <img decoding=\"async\" class=\"w-64px lg:w-80px d-none dark:d-block\" src=\"https:\/\/lexend.themegenix.com\/wp-content\/uploads\/2024\/06\/icon-diamond-dark.svg\" alt=\"Dark Image\">\r\n                                                    <h5 class=\"h5 title lg:h4 m-0\">Jednostavnost i organizacija<\/h5>\r\n                                <p class=\"fs-6 desc opacity-70 dark:opacity-80\">Pru\u017eamo intuitivno re\u0161enje koje elimini\u0161e komplikacije u procesu nabavke, \u0161tedi vreme i smanjuje gre\u0161ke.<\/p>\r\n            <\/div>\r\n\r\n        \r\n\t\t\t\t<\/div>\n\t\t\t\t<\/div>\n\t\t\t\t<div class=\"elementor-element elementor-element-ab26ae1 animejs-disable elementor-widget elementor-widget-tg-iconbox\" data-id=\"ab26ae1\" data-element_type=\"widget\" data-widget_type=\"tg-iconbox.default\">\n\t\t\t\t<div class=\"elementor-widget-container\">\n\t\t\t\t\t\r\n        \r\n            <div class=\"panel genix-box vstack gap-2 p-4 lg:py-6 rounded-2 bg-secondary dark:bg-gray-300 dark:bg-opacity-10\">\r\n                                    <img decoding=\"async\" class=\"w-64px lg:w-80px d-block dark:d-none\" src=\"https:\/\/supplyme.rs\/wp-content\/uploads\/2024\/12\/2-3.png\" alt=\"Image\">\r\n                                                    <img decoding=\"async\" class=\"w-64px lg:w-80px d-none dark:d-block\" src=\"https:\/\/lexend.themegenix.com\/wp-content\/uploads\/2024\/06\/icon-trophy-dark.svg\" alt=\"Dark Image\">\r\n                                                    <h5 class=\"h5 title lg:h4 m-0\">Podr\u0161ka timskoj saradnji<\/h5>\r\n                                <p class=\"fs-6 desc opacity-70 dark:opacity-80\">Unapre\u0111ujemo radnu atmosferu i transparentnost, \u010dine\u0107i svaki proces nabavke timski lak\u0161im i efikasnijim.<\/p>\r\n            <\/div>\r\n\r\n        \r\n\t\t\t\t<\/div>\n\t\t\t\t<\/div>\n\t\t\t\t<div class=\"elementor-element elementor-element-3ee27dd animejs-disable elementor-widget elementor-widget-tg-iconbox\" data-id=\"3ee27dd\" data-element_type=\"widget\" data-widget_type=\"tg-iconbox.default\">\n\t\t\t\t<div class=\"elementor-widget-container\">\n\t\t\t\t\t\r\n        \r\n            <div class=\"panel genix-box vstack gap-2 p-4 lg:py-6 rounded-2 bg-secondary dark:bg-gray-300 dark:bg-opacity-10\">\r\n                                    <img decoding=\"async\" class=\"w-64px lg:w-80px d-block dark:d-none\" src=\"https:\/\/supplyme.rs\/wp-content\/uploads\/2024\/12\/3-2.png\" alt=\"Image\">\r\n                                                    <img decoding=\"async\" class=\"w-64px lg:w-80px d-none dark:d-block\" src=\"https:\/\/lexend.themegenix.com\/wp-content\/uploads\/2024\/06\/icon-globe-dark.svg\" alt=\"Dark Image\">\r\n                                                    <h5 class=\"h5 title lg:h4 m-0\">Efikasna komunikacija<\/h5>\r\n                                <p class=\"fs-6 desc opacity-70 dark:opacity-80\">Olak\u0161avamo pouzdanu saradnju sa dobavlja\u010dima, uz br\u017ee re\u0161avanje problema i minimizovanje ka\u0161njenja.<\/p>\r\n            <\/div>\r\n\r\n        \r\n\t\t\t\t<\/div>\n\t\t\t\t<\/div>\n\t\t\t\t<div class=\"elementor-element elementor-element-04c1c30 animejs-disable elementor-widget elementor-widget-tg-iconbox\" data-id=\"04c1c30\" data-element_type=\"widget\" data-widget_type=\"tg-iconbox.default\">\n\t\t\t\t<div class=\"elementor-widget-container\">\n\t\t\t\t\t\r\n        \r\n            <div class=\"panel genix-box vstack gap-2 p-4 lg:py-6 rounded-2 bg-secondary dark:bg-gray-300 dark:bg-opacity-10\">\r\n                                    <img decoding=\"async\" class=\"w-64px lg:w-80px d-block dark:d-none\" src=\"https:\/\/supplyme.rs\/wp-content\/uploads\/2024\/12\/Untitled-design-31.png\" alt=\"Image\">\r\n                                                    <img decoding=\"async\" class=\"w-64px lg:w-80px d-none dark:d-block\" src=\"https:\/\/lexend.themegenix.com\/wp-content\/uploads\/2024\/06\/icon-crown-dark.svg\" alt=\"Dark Image\">\r\n                                                    <h5 class=\"h5 title lg:h4 m-0\">Optimizacija i u\u0161teda<\/h5>\r\n                                <p class=\"fs-6 desc opacity-70 dark:opacity-80\">Omogu\u0107avamo restoranima da donose informisane odluke uz smanjenje tro\u0161kova i bolju kontrolu zaliha.<\/p>\r\n            <\/div>\r\n\r\n        \r\n\t\t\t\t<\/div>\n\t\t\t\t<\/div>\n\t\t\t\t<\/div>\n\t\t\t\t\t<\/div>\n\t\t\t\t<\/div>\n\t\t<div class=\"elementor-element elementor-element-0cea997 animejs-onview e-flex e-con-boxed animejs-element e-con e-parent\" data-id=\"0cea997\" data-element_type=\"container\" data-anime=\"onview: -100; loop: false; targets: .e-con-inner &gt; .elementor-element; opacity: [0, 1]; translateY: [48, 0]; easing: &#039;spring(1, 80, 10, 0)&#039;; duration: 450; delay: ; delay: anime.stagger(100, {start: 200})\" data-anime-devices=\"mobile,tablet,desktop\">\n\t\t\t\t\t<div class=\"e-con-inner\">\n\t\t<div class=\"elementor-element elementor-element-7b2874c e-con-full e-flex animejs-disable e-con e-child\" data-id=\"7b2874c\" data-element_type=\"container\">\n\t\t\t\t<div class=\"elementor-element elementor-element-a47839a animejs-disable elementor-widget elementor-widget-tg-heading\" data-id=\"a47839a\" data-element_type=\"widget\" data-widget_type=\"tg-heading.default\">\n\t\t\t\t<div class=\"elementor-widget-container\">\n\t\t\t\t\t        <h2 class=\"title tg-element-title mb-0 \">Na\u0161 tim<\/h2>\r\n    \t\t\t\t<\/div>\n\t\t\t\t<\/div>\n\t\t\t\t<\/div>\n\t\t\t\t<div class=\"elementor-element elementor-element-e4a2e87 animejs-disable elementor-widget elementor-widget-tg-team\" data-id=\"e4a2e87\" data-element_type=\"widget\" data-widget_type=\"tg-team.default\">\n\t\t\t\t<div class=\"elementor-widget-container\">\n\t\t\t\t\t\r\n\r\n        \r\n            <div class=\"row child-cols-6 sm:child-cols-4 lg:child-cols-3 col-match gx-2 lg:gx-4 gy-4 lg:gy-6\" data-anime=\"onview: -100; targets: > *; translateY: [48, 0]; opacity: [0, 1]; easing: spring(1, 80, 10, 0); duration: 450; delay: anime.stagger(100, {start: 200});\" data-uc-grid>\r\n                                    <div>\r\n                        <div class=\"panel vstack gap-2\">\r\n                                                            <img decoding=\"async\" class=\"w-100 rounded object-cover\" src=\"https:\/\/supplyme.rs\/wp-content\/uploads\/2024\/12\/Lazar.png\" alt=\"Team Image\">\r\n                                                        <div class=\"panel vstack items-start gap-0\">\r\n                                                                    <h6 class=\"h6 m-0 tg-title\">Lazar Dobri\u010di\u0107<\/h6>\r\n                                                                                                    <span class=\"fs-7 tg-desc opacity-70\">Direktor i suosniva\u010d<\/span>\r\n                                                            <\/div>\r\n                        <\/div>\r\n                    <\/div>\r\n                                    <div>\r\n                        <div class=\"panel vstack gap-2\">\r\n                                                            <img decoding=\"async\" class=\"w-100 rounded object-cover\" src=\"https:\/\/supplyme.rs\/wp-content\/uploads\/2024\/12\/professional_office_photo.png\" alt=\"Team Image\">\r\n                                                        <div class=\"panel vstack items-start gap-0\">\r\n                                                                    <h6 class=\"h6 m-0 tg-title\">Dragomir Cvetkovi\u0107<\/h6>\r\n                                                                                                    <span class=\"fs-7 tg-desc opacity-70\">Suosniva\u010d<\/span>\r\n                                                            <\/div>\r\n                        <\/div>\r\n                    <\/div>\r\n                                    <div>\r\n                        <div class=\"panel vstack gap-2\">\r\n                                                            <img decoding=\"async\" class=\"w-100 rounded object-cover\" src=\"https:\/\/supplyme.rs\/wp-content\/uploads\/2024\/12\/1516469184355.jpeg\" alt=\"Team Image\">\r\n                                                        <div class=\"panel vstack items-start gap-0\">\r\n                                                                    <h6 class=\"h6 m-0 tg-title\">Nikola Cvetkovi\u0107<\/h6>\r\n                                                                                                    <span class=\"fs-7 tg-desc opacity-70\">Suosniva\u010d<\/span>\r\n                                                            <\/div>\r\n                        <\/div>\r\n                    <\/div>\r\n                            <\/div>\r\n\r\n        \r\n\t\t\t\t<\/div>\n\t\t\t\t<\/div>\n\t\t\t\t\t<\/div>\n\t\t\t\t<\/div>\n\t\t<div class=\"elementor-element elementor-element-f09740b e-flex e-con-boxed animejs-disable e-con e-parent\" data-id=\"f09740b\" data-element_type=\"container\">\n\t\t\t\t\t<div class=\"e-con-inner\">\n\t\t<div class=\"elementor-element elementor-element-12448d0 animejs-onview e-con-full e-flex animejs-element e-con e-child\" data-id=\"12448d0\" data-element_type=\"container\" data-anime=\"onview: -100; loop: false; opacity: [0, 1]; translateY: [48, 0]; easing: &#039;easeOutCubic&#039;; duration: 500; delay: 0\" data-anime-devices=\"mobile,tablet,desktop\">\n\t\t<div class=\"elementor-element elementor-element-df2fef5 e-con-full dark:bg-white dark:bg-opacity-5 e-flex animejs-disable e-con e-child\" data-id=\"df2fef5\" data-element_type=\"container\" data-settings=\"{&quot;background_background&quot;:&quot;classic&quot;}\">\n\t\t\t\t<div class=\"elementor-element elementor-element-b83190e animejs-disable elementor-widget elementor-widget-tg-author-grp\" data-id=\"b83190e\" data-element_type=\"widget\" data-widget_type=\"tg-author-grp.default\">\n\t\t\t\t<div class=\"elementor-widget-container\">\n\t\t\t\t\t\r\n        \r\n            <div class=\"hstack justify-center gap-0\">\r\n                <img decoding=\"async\" src=\"https:\/\/supplyme.rs\/wp-content\/uploads\/2024\/12\/professional_office_photo.png\" alt=\"Avatar image\" class=\"w-48px h-48px sm:w-56px sm:h-56px xl:w-64px xl:h-64px rounded-circle border border-2 sm:border-3 border-secondary dark:border-gray-900\">\r\n                                    <img decoding=\"async\" src=\"https:\/\/supplyme.rs\/wp-content\/uploads\/2024\/12\/Lazar.png\" alt=\"Avatar image\" class=\"w-48px h-48px sm:w-56px sm:h-56px xl:w-64px xl:h-64px rounded-circle border border-2 sm:border-3 border-secondary dark:border-gray-900 ms-n2\">\r\n                                    <img decoding=\"async\" src=\"https:\/\/supplyme.rs\/wp-content\/uploads\/2024\/12\/1516469184355.jpeg\" alt=\"Avatar image\" class=\"w-48px h-48px sm:w-56px sm:h-56px xl:w-64px xl:h-64px rounded-circle border border-2 sm:border-3 border-secondary dark:border-gray-900 ms-n2\">\r\n                            <\/div>\r\n\r\n        \r\n\t\t\t\t<\/div>\n\t\t\t\t<\/div>\n\t\t\t\t<div class=\"elementor-element elementor-element-8b8261d animejs-disable elementor-widget elementor-widget-tg-heading\" data-id=\"8b8261d\" data-element_type=\"widget\" data-widget_type=\"tg-heading.default\">\n\t\t\t\t<div class=\"elementor-widget-container\">\n\t\t\t\t\t        <h4 class=\"title tg-element-title mb-0 \">Zaka\u017eite demo i otkrijte sve prednosti SupplyMe<\/h4>\r\n    \t\t\t\t<\/div>\n\t\t\t\t<\/div>\n\t\t\t\t<div class=\"elementor-element elementor-element-a28c2f2 animejs-disable elementor-widget elementor-widget-tg-heading\" data-id=\"a28c2f2\" data-element_type=\"widget\" data-widget_type=\"tg-heading.default\">\n\t\t\t\t<div class=\"elementor-widget-container\">\n\t\t\t\t\t        <p class=\"title tg-element-title mb-0 \">Ako imate bilo kakvih dodatnih pitanja ili \u017eelite da vidite kako SupplyMe radi, slobodno zaka\u017eite demo sa na\u0161im timom.<\/p>\r\n    \t\t\t\t<\/div>\n\t\t\t\t<\/div>\n\t\t\t\t<div class=\"elementor-element elementor-element-7d1720a animejs-disable elementor-widget elementor-widget-tg-btn\" data-id=\"7d1720a\" data-element_type=\"widget\" data-widget_type=\"tg-btn.default\">\n\t\t\t\t<div class=\"elementor-widget-container\">\n\t\t\t\t\t\r\n\r\n        \r\n                            <a href=\"https:\/\/supplyme.rs\/zakazi-demo\/\" target=\"_blank\" rel=\"nofollow\" class=\"tg-btn btn btn-primary text-white\">\r\n                    Zaka\u017ei demo                                    <\/a>\r\n            \r\n        \r\n\t\t\t\t<\/div>\n\t\t\t\t<\/div>\n\t\t\t\t<\/div>\n\t\t\t\t<\/div>\n\t\t\t\t\t<\/div>\n\t\t\t\t<\/div>\n\t\t\t\t<\/div>\n\t\t","protected":false},"excerpt":{"rendered":"<p>Ko smo mi? Dolazimo iz sveta ugostiteljstva, gde smo, rade\u0107i sa nekim od najpoznatijih beogradskih restorana, iz prve ruke iskusili izazove svakodnevnog poslovanja. Ideja za SupplyMe nastala je prirodno \u2013 \u017eeleli smo da pojednostavimo nabavku i komunikaciju sa dobavlja\u010dima, jer znamo koliko je to klju\u010dno za smanjenje tro\u0161kova i efikasnije poslovanje. Iz razgovora sa vlasnicima, [&hellip;]<\/p>\n","protected":false},"author":1,"featured_media":0,"parent":0,"menu_order":0,"comment_status":"closed","ping_status":"closed","template":"elementor_header_footer","meta":{"_monsterinsights_skip_tracking":false,"_monsterinsights_sitenote_active":false,"_monsterinsights_sitenote_note":"","_monsterinsights_sitenote_category":0,"footnotes":""},"class_list":["post-1023","page","type-page","status-publish","hentry"],"aioseo_notices":[],"_links":{"self":[{"href":"https:\/\/supplyme.rs\/en\/wp-json\/wp\/v2\/pages\/1023","targetHints":{"allow":["GET"]}}],"collection":[{"href":"https:\/\/supplyme.rs\/en\/wp-json\/wp\/v2\/pages"}],"about":[{"href":"https:\/\/supplyme.rs\/en\/wp-json\/wp\/v2\/types\/page"}],"author":[{"embeddable":true,"href":"https:\/\/supplyme.rs\/en\/wp-json\/wp\/v2\/users\/1"}],"replies":[{"embeddable":true,"href":"https:\/\/supplyme.rs\/en\/wp-json\/wp\/v2\/comments?post=1023"}],"version-history":[{"count":20,"href":"https:\/\/supplyme.rs\/en\/wp-json\/wp\/v2\/pages\/1023\/revisions"}],"predecessor-version":[{"id":3902,"href":"https:\/\/supplyme.rs\/en\/wp-json\/wp\/v2\/pages\/1023\/revisions\/3902"}],"wp:attachment":[{"href":"https:\/\/supplyme.rs\/en\/wp-json\/wp\/v2\/media?parent=1023"}],"curies":[{"name":"wp","href":"https:\/\/api.w.org\/{rel}","templated":true}]}}